{"id":196974,"date":"2024-11-20T11:06:56","date_gmt":"2024-11-20T11:06:56","guid":{"rendered":"https:\/\/bravaexperience.es\/?page_id=196974"},"modified":"2025-10-28T17:11:14","modified_gmt":"2025-10-28T17:11:14","slug":"terms-and-conditions","status":"publish","type":"page","link":"https:\/\/bravaexperience.es\/es\/terms-and-conditions\/","title":{"rendered":"T\u00e9rminos y Condiciones"},"content":{"rendered":"<div data-elementor-type=\"wp-page\" data-elementor-id=\"196974\" class=\"elementor elementor-196974\" data-elementor-post-type=\"page\">\n\t\t\t\t<div class=\"elementor-element elementor-element-fcca0c6 e-flex e-con-boxed e-con e-parent\" data-id=\"fcca0c6\" data-element_type=\"container\" data-e-type=\"container\" data-settings=\"{&quot;jet_parallax_layout_list&quot;:[],&quot;background_background&quot;:&quot;classic&quot;}\">\n\t\t\t\t\t<div class=\"e-con-inner\">\n\t\t<div class=\"elementor-element elementor-element-37c4800 e-con-full e-flex e-con e-child\" data-id=\"37c4800\" data-element_type=\"container\" data-e-type=\"container\" data-settings=\"{&quot;jet_parallax_layout_list&quot;:[]}\">\n\t\t\t\t<div class=\"elementor-element elementor-element-f1886a7 elementor-widget elementor-widget-heading\" data-id=\"f1886a7\" data-element_type=\"widget\" data-e-type=\"widget\" data-widget_type=\"heading.default\">\n\t\t\t\t<div class=\"elementor-widget-container\">\n\t\t\t\t\t<h1 class=\"elementor-heading-title elementor-size-default\">T\u00e9rminos y Condiciones<\/h1>\t\t\t\t<\/div>\n\t\t\t\t<\/div>\n\t\t\t\t<\/div>\n\t\t\t\t\t<\/div>\n\t\t\t\t<\/div>\n\t\t\t\t<section class=\"elementor-section elementor-top-section elementor-element elementor-element-6e5edd4 elementor-section-boxed elementor-section-height-default elementor-section-height-default\" data-id=\"6e5edd4\" data-element_type=\"section\" data-e-type=\"section\" data-settings=\"{&quot;jet_parallax_layout_list&quot;:[],&quot;background_background&quot;:&quot;classic&quot;}\">\n\t\t\t\t\t\t<div class=\"elementor-container elementor-column-gap-default\">\n\t\t\t\t\t<div class=\"elementor-column elementor-col-100 elementor-top-column elementor-element elementor-element-f2b9411\" data-id=\"f2b9411\" data-element_type=\"column\" data-e-type=\"column\">\n\t\t\t<div class=\"elementor-widget-wrap elementor-element-populated\">\n\t\t\t\t\t\t<div class=\"elementor-element elementor-element-91ced21 elementor-widget elementor-widget-text-editor\" data-id=\"91ced21\" data-element_type=\"widget\" data-e-type=\"widget\" data-widget_type=\"text-editor.default\">\n\t\t\t\t<div class=\"elementor-widget-container\">\n\t\t\t\t\t\t\t\t\t<p data-start=\"314\" data-end=\"573\">De bienvenida. Al acceder a este sitio web, la presentaci\u00f3n de una investigaci\u00f3n, o la reserva de una propiedad, usted acepta estar obligado por los t\u00e9rminos y condiciones que se detallan a continuaci\u00f3n. Este acuerdo es un acuerdo entre usted (el usuario o invitado) y el operador de este sitio.<\/p><p data-start=\"575\" data-end=\"666\">Por favor, lea las siguientes condiciones de alquiler para vacaciones y condiciones cuidadosamente antes de proceder.<\/p><hr data-start=\"668\" data-end=\"671\" \/><h2 data-start=\"673\" data-end=\"691\">1. Introducci\u00f3n<\/h2><p data-start=\"693\" data-end=\"1086\">Estos T\u00e9rminos y Condiciones rigen el uso de este sitio web y su reserva de corto plazo de vacaciones en alquiler propiedades que aparecen en este documento. Mediante el uso de este sitio web o realizar una reserva, usted reconoce que ha le\u00eddo, entiende y acuerda estar legalmente obligado por estos t\u00e9rminos. Si usted no est\u00e1 de acuerdo con alguna parte de estos t\u00e9rminos, no debe continuar con el uso del sitio o de la reserva de la estancia.<\/p><hr data-start=\"1088\" data-end=\"1091\" \/><h2 data-start=\"1093\" data-end=\"1112\">2. Condiciones De Reserva<\/h2><p data-start=\"1114\" data-end=\"1288\">Propiedades que figuran en este sitio se pueden reservar directamente a trav\u00e9s de la p\u00e1gina web o a trav\u00e9s de plataformas de terceros. El proceso de reserva variar\u00e1 dependiendo de la plataforma utilizada.<\/p><ul><li data-start=\"1292\" data-end=\"1354\"><strong data-start=\"1292\" data-end=\"1307\">Edad M\u00ednima<\/strong>: Los hu\u00e9spedes deben tener al menos 21 a\u00f1os para reservar.<\/li><li data-start=\"1292\" data-end=\"1354\"><strong data-start=\"1357\" data-end=\"1375\">Identificaci\u00f3n<\/strong>: V\u00e1lido de identificaci\u00f3n emitido por el gobierno puede ser requerido antes de o en el check-in.<\/li><li data-start=\"1292\" data-end=\"1354\"><strong data-start=\"1457\" data-end=\"1469\">Los pagos<\/strong>: Un dep\u00f3sito o el pago completo se requiere normalmente en el momento de la reserva. Condiciones de pago ser\u00e1n definidos antes de la confirmaci\u00f3n.<\/li><li data-start=\"1292\" data-end=\"1354\"><strong data-start=\"1608\" data-end=\"1623\">Reglas De La Casa<\/strong>: La aceptaci\u00f3n de la propiedad de la casa de reglas. Estos pueden incluir pol\u00edticas sobre el ruido, las habitaciones de los l\u00edmites, check-in\/out, y el uso de los servicios.<\/li><\/ul><p data-start=\"1773\" data-end=\"1852\">No cumplir con las condiciones de reserva que puede resultar en la cancelaci\u00f3n sin reembolso.<\/p><hr data-start=\"1854\" data-end=\"1857\" \/><h2 data-start=\"1859\" data-end=\"1888\">3. Cancelaciones Y Reembolsos<\/h2><p data-start=\"1890\" data-end=\"2001\">La pol\u00edtica de cancelaci\u00f3n y reembolso estar\u00e1 claramente indicado durante el proceso de reserva. T\u00edpico pol\u00edticas incluyen:<\/p><ul><li data-start=\"2005\" data-end=\"2078\"><strong data-start=\"2005\" data-end=\"2020\">Reembolso Completo<\/strong>: Para cancelaciones realizadas con m\u00e1s de 30 d\u00edas antes de la llegada.<\/li><li data-start=\"2005\" data-end=\"2078\"><strong data-start=\"2081\" data-end=\"2099\">Reembolso Parcial<\/strong>: Para cancelaciones hechas 14-30 d\u00edas antes de la llegada.<\/li><li data-start=\"2005\" data-end=\"2078\"><strong data-start=\"2153\" data-end=\"2166\">No Hay Reembolso<\/strong>: Para cancelaciones hechas dentro de los 14 d\u00edas de su llegada.<\/li><\/ul><p data-start=\"2219\" data-end=\"2398\">Si la reserva se realiza a trav\u00e9s de una plataforma de terceros (tales como Airbnb, Vrbo, etc.), sus respectivas pol\u00edticas de cancelaci\u00f3n y reembolso de aplicar y pueden diferir de los descritos anteriormente.<\/p><hr data-start=\"2400\" data-end=\"2403\" \/><h2 data-start=\"2405\" data-end=\"2433\">4. Invitado Responsabilidades<\/h2><p data-start=\"2435\" data-end=\"2535\">Los clientes de acuerdo para tratar de la propiedad y el \u00e1rea circundante con cuidado y respeto durante toda su estancia.<\/p><ul><li data-start=\"2539\" data-end=\"2626\"><strong data-start=\"2539\" data-end=\"2567\">La adhesi\u00f3n a las Reglas de la Casa<\/strong>: Los hu\u00e9spedes deben cumplir con todos los publicados o comunicados reglas.<\/li><li data-start=\"2539\" data-end=\"2626\"><strong data-start=\"2629\" data-end=\"2649\">El L\u00edmite De Ocupaci\u00f3n<\/strong>: S\u00f3lo el n\u00famero de hu\u00e9spedes que se especifica en la reserva pueden quedarse durante la noche.<\/li><li data-start=\"2539\" data-end=\"2626\"><strong data-start=\"2728\" data-end=\"2748\">Partidos Y Eventos<\/strong>: No autorizado reuniones, fiestas o eventos est\u00e1n estrictamente prohibidos.<\/li><li data-start=\"2539\" data-end=\"2626\"><strong data-start=\"2821\" data-end=\"2832\">Da\u00f1os<\/strong>Los hu\u00e9spedes son responsables por cualesquiera da\u00f1os y perjuicios, el exceso de limpieza, o art\u00edculos perdidos causados durante su estancia.<\/li><li data-start=\"2539\" data-end=\"2626\"><strong data-start=\"2948\" data-end=\"2966\">Mascotas Y Fumadores<\/strong>: A menos que sea expl\u00edcitamente permitido, mascotas y fumar no est\u00e1 permitido en el recinto.<\/li><\/ul><p data-start=\"3048\" data-end=\"3151\">Violaci\u00f3n de los invitados, las responsabilidades pueden tener como consecuencia el desalojo y\/o cargos por da\u00f1os o limpieza extra.<\/p><hr data-start=\"3153\" data-end=\"3156\" \/><h2 data-start=\"3158\" data-end=\"3178\">5. Uso de la p\u00e1gina Web<\/h2><p data-start=\"3180\" data-end=\"3271\">Los usuarios se comprometen a no participar en cualquier uso no autorizado o ilegal de la actividad cuando se utiliza este sitio web.<\/p><p data-start=\"3273\" data-end=\"3325\">Comportamientos prohibidos incluyen, pero no est\u00e1n limitados a:<\/p><ul><li data-start=\"3329\" data-end=\"3377\">Intento de violaci\u00f3n o comprometer la seguridad del sitio<\/li><li data-start=\"3329\" data-end=\"3377\">La transmisi\u00f3n de spam o mensajes no solicitados<\/li><li data-start=\"3329\" data-end=\"3377\">El raspado, duplicar, o mal uso de los datos o contenidos del sitio<\/li><\/ul><p data-start=\"3490\" data-end=\"3654\">Todos los contenidos de esta p\u00e1gina web es propiedad intelectual del propietario del sitio, a menos que se indique lo contrario. La reproducci\u00f3n o distribuci\u00f3n sin autorizaci\u00f3n es prohibido.<\/p><hr data-start=\"3656\" data-end=\"3659\" \/><h2 data-start=\"3661\" data-end=\"3687\">6. Descargo De Responsabilidad<\/h2><p data-start=\"3689\" data-end=\"3756\">El operador de este sitio y sus socios no son responsables de:<\/p><ul><li data-start=\"3760\" data-end=\"3839\"><strong data-start=\"3760\" data-end=\"3778\">Sitio Web De Cuestiones<\/strong>: La falta temporal de disponibilidad, imprecisiones o errores t\u00e9cnicos<\/li><li data-start=\"3760\" data-end=\"3839\"><strong data-start=\"3842\" data-end=\"3861\">Invitado Incidentes<\/strong>En : lesiones, accidentes, p\u00e9rdidas o robos que se produzcan durante la estancia<\/li><li data-start=\"3760\" data-end=\"3839\"><strong data-start=\"3928\" data-end=\"3945\">Fuerza Mayor<\/strong>: Retrasos o cancelaciones debido a desastres naturales, clima, huelgas, acciones gubernamentales, u otros eventos incontrolables<\/li><\/ul><p data-start=\"4067\" data-end=\"4157\">Se aconseja a los clientes obtener un apropiado de viaje y seguro m\u00e9dico antes de su estancia.<\/p><hr data-start=\"4159\" data-end=\"4162\" \/><h2 data-start=\"4164\" data-end=\"4187\">7. Privacidad De Referencia<\/h2><p data-start=\"4189\" data-end=\"4414\">El uso de este sitio est\u00e1 sujeto a las pr\u00e1cticas de privacidad descritas en el siguiente Pol\u00edtica de Privacidad. Se recomienda a los usuarios revisar la pol\u00edtica para entender c\u00f3mo su informaci\u00f3n personal se recopila, utiliza y protege.<\/p><hr data-start=\"4416\" data-end=\"4419\" \/><h2 data-start=\"4421\" data-end=\"4443\">8. Cambios a los T\u00e9rminos<\/h2><p data-start=\"4445\" data-end=\"4695\">Estos t\u00e9rminos y condiciones pueden ser actualizados peri\u00f3dicamente. Es la responsabilidad del usuario o invitado a revisar esta p\u00e1gina para actualizaciones antes de la reserva. El uso continuado del sitio despu\u00e9s de los cambios que se publican constituye la aceptaci\u00f3n de los t\u00e9rminos revisados.<\/p><hr data-start=\"4697\" data-end=\"4700\" \/><h2 data-start=\"4702\" data-end=\"4715\">9. Contacto<\/h2><p data-start=\"4717\" data-end=\"4865\">Para cualquier pregunta relacionada con estos T\u00e9rminos y Condiciones, los usuarios deben utilizar el formulario de contacto o canal de comunicaci\u00f3n ofrecidos en el sitio.<\/p>\t\t\t\t\t\t\t\t<\/div>\n\t\t\t\t<\/div>\n\t\t\t\t\t<\/div>\n\t\t<\/div>\n\t\t\t\t\t<\/div>\n\t\t<\/section>\n\t\t\t\t<\/div>","protected":false},"excerpt":{"rendered":"<p>Welcome. By accessing this website, submitting an inquiry, or booking a property, you agree to be bound by the terms and conditions outlined below. This agreement constitutes a legal understanding between you (the user or guest) and the operator of this site. Please read the following vacation rental terms and conditions carefully before proceeding. 1. [&hellip;]<\/p>","protected":false},"author":2,"featured_media":0,"parent":0,"menu_order":0,"comment_status":"closed","ping_status":"closed","template":"","meta":{"_acf_changed":false,"footnotes":""},"class_list":["post-196974","page","type-page","status-publish","hentry"],"acf":[],"_links":{"self":[{"href":"https:\/\/bravaexperience.es\/es\/wp-json\/wp\/v2\/pages\/196974","targetHints":{"allow":["GET"]}}],"collection":[{"href":"https:\/\/bravaexperience.es\/es\/wp-json\/wp\/v2\/pages"}],"about":[{"href":"https:\/\/bravaexperience.es\/es\/wp-json\/wp\/v2\/types\/page"}],"author":[{"embeddable":true,"href":"https:\/\/bravaexperience.es\/es\/wp-json\/wp\/v2\/users\/2"}],"replies":[{"embeddable":true,"href":"https:\/\/bravaexperience.es\/es\/wp-json\/wp\/v2\/comments?post=196974"}],"version-history":[{"count":0,"href":"https:\/\/bravaexperience.es\/es\/wp-json\/wp\/v2\/pages\/196974\/revisions"}],"wp:attachment":[{"href":"https:\/\/bravaexperience.es\/es\/wp-json\/wp\/v2\/media?parent=196974"}],"curies":[{"name":"wp","href":"https:\/\/api.w.org\/{rel}","templated":true}]}}