{"id":3,"date":"2023-05-18T06:13:47","date_gmt":"2023-05-18T06:13:47","guid":{"rendered":"https:\/\/bravaexperience.es\/?page_id=3"},"modified":"2025-10-28T17:10:01","modified_gmt":"2025-10-28T17:10:01","slug":"privacy-policy","status":"publish","type":"page","link":"https:\/\/bravaexperience.es\/es\/privacy-policy\/","title":{"rendered":"Pol\u00edtica De Privacidad"},"content":{"rendered":"<div data-elementor-type=\"wp-page\" data-elementor-id=\"3\" class=\"elementor elementor-3\" data-elementor-post-type=\"page\">\n\t\t\t\t<div class=\"elementor-element elementor-element-61fe3cf e-flex e-con-boxed e-con e-parent\" data-id=\"61fe3cf\" data-element_type=\"container\" data-e-type=\"container\" data-settings=\"{&quot;jet_parallax_layout_list&quot;:[],&quot;background_background&quot;:&quot;classic&quot;}\">\n\t\t\t\t\t<div class=\"e-con-inner\">\n\t\t<div class=\"elementor-element elementor-element-c151b1d e-con-full e-flex e-con e-child\" data-id=\"c151b1d\" data-element_type=\"container\" data-e-type=\"container\" data-settings=\"{&quot;jet_parallax_layout_list&quot;:[]}\">\n\t\t\t\t<div class=\"elementor-element elementor-element-709a51a elementor-widget elementor-widget-heading\" data-id=\"709a51a\" data-element_type=\"widget\" data-e-type=\"widget\" data-widget_type=\"heading.default\">\n\t\t\t\t<div class=\"elementor-widget-container\">\n\t\t\t\t\t<h1 class=\"elementor-heading-title elementor-size-default\">Pol\u00edtica De Privacidad<\/h1>\t\t\t\t<\/div>\n\t\t\t\t<\/div>\n\t\t\t\t<\/div>\n\t\t\t\t\t<\/div>\n\t\t\t\t<\/div>\n\t\t<div class=\"elementor-element elementor-element-b058e1b e-flex e-con-boxed e-con e-parent\" data-id=\"b058e1b\" data-element_type=\"container\" data-e-type=\"container\" data-settings=\"{&quot;jet_parallax_layout_list&quot;:[],&quot;background_background&quot;:&quot;classic&quot;}\">\n\t\t\t\t\t<div class=\"e-con-inner\">\n\t\t<div class=\"elementor-element elementor-element-88e0197 e-con-full e-flex e-con e-child\" data-id=\"88e0197\" data-element_type=\"container\" data-e-type=\"container\" data-settings=\"{&quot;jet_parallax_layout_list&quot;:[]}\">\n\t\t\t\t<div class=\"elementor-element elementor-element-97ff2d5 elementor-widget elementor-widget-text-editor\" data-id=\"97ff2d5\" data-element_type=\"widget\" data-e-type=\"widget\" data-widget_type=\"text-editor.default\">\n\t\t\t\t<div class=\"elementor-widget-container\">\n\t\t\t\t\t\t\t\t\t<p data-start=\"324\" data-end=\"581\">Su privacidad es importante para nosotros. Esta Pol\u00edtica de Privacidad explica c\u00f3mo recopilamos, utilizamos, revelamos, y proteger su informaci\u00f3n personal cuando usted visita este sitio de internet o utiliza nuestros servicios, incluyendo la reserva de un alquiler de vacaciones, la presentaci\u00f3n de una investigaci\u00f3n, o ponerse en contacto con nosotros.<\/p><p data-start=\"583\" data-end=\"646\">Al usar este sitio, usted acepta las pr\u00e1cticas descritas a continuaci\u00f3n.<\/p><hr data-start=\"648\" data-end=\"651\" \/><h3 data-start=\"653\" data-end=\"681\">1. La Informaci\u00f3n Que Recopilamos<\/h3><p data-start=\"683\" data-end=\"742\">Podemos recoger los siguientes tipos de informaci\u00f3n personal:<\/p><ul><li data-start=\"746\" data-end=\"804\"><strong data-start=\"746\" data-end=\"769\">Informaci\u00f3n De Contacto<\/strong>: Nombre, direcci\u00f3n de correo electr\u00f3nico, n\u00famero de tel\u00e9fono<\/li><li data-start=\"746\" data-end=\"804\"><strong data-start=\"807\" data-end=\"826\">Los Detalles De La Reserva<\/strong>Fechas de la estancia, n\u00famero de personas, de la propiedad seleccionada<\/li><li data-start=\"746\" data-end=\"804\"><strong data-start=\"881\" data-end=\"904\">La Informaci\u00f3n De Pago<\/strong>: Recogido de forma segura a trav\u00e9s de procesadores de pagos de terceros<\/li><li data-start=\"746\" data-end=\"804\"><strong data-start=\"962\" data-end=\"983\">Informaci\u00f3n De Cuenta De Usuario<\/strong> (si aplicable): detalles de inicio de Sesi\u00f3n y preferencias guardadas<\/li><li data-start=\"746\" data-end=\"804\"><strong data-start=\"1039\" data-end=\"1057\">Datos T\u00e9cnicos<\/strong>: Direcci\u00f3n IP, tipo de navegador, p\u00e1ginas visitadas y tiempo de permanencia en el sitio (a trav\u00e9s de cookies o herramientas de an\u00e1lisis)<\/li><\/ul><hr data-start=\"1161\" data-end=\"1164\" \/><h3 data-start=\"1166\" data-end=\"1199\">2. C\u00f3mo Usamos Su Informaci\u00f3n<\/h3><p data-start=\"1201\" data-end=\"1237\">Utilizamos la informaci\u00f3n recopilada para:<\/p><ul><li data-start=\"1241\" data-end=\"1290\">Responder a las consultas y proporcionar soporte al cliente<\/li><li data-start=\"1241\" data-end=\"1290\">Procesar y gestionar las reservas o reservas<\/li><li data-start=\"1241\" data-end=\"1290\">Comunicar las actualizaciones importantes o confirmaciones<\/li><li data-start=\"1241\" data-end=\"1290\">Mejorar el rendimiento del sitio web y experiencia de usuario<\/li><li data-start=\"1241\" data-end=\"1290\">Enviar correos electr\u00f3nicos promocionales u ofertas (s\u00f3lo si has optado en)<\/li><\/ul><p data-start=\"1499\" data-end=\"1544\">Nunca venderemos su informaci\u00f3n personal.<\/p><hr data-start=\"1546\" data-end=\"1549\" \/><h3 data-start=\"1551\" data-end=\"1579\">3. El intercambio de Informaci\u00f3n<\/h3><p data-start=\"1581\" data-end=\"1656\">Podemos compartir sus datos con terceros s\u00f3lo en las siguientes situaciones:<\/p><ul><li data-start=\"1660\" data-end=\"1742\"><strong data-start=\"1660\" data-end=\"1681\">Los Proveedores De Servicios<\/strong>: Para procesar los pagos, gesti\u00f3n de reservas, o de host de datos de forma segura<\/li><li data-start=\"1660\" data-end=\"1742\"><strong data-start=\"1745\" data-end=\"1767\">Los Requisitos Legales<\/strong>: Cuando sea necesario para cumplir con las leyes aplicables, los procedimientos judiciales, o las peticiones del gobierno<\/li><li data-start=\"1660\" data-end=\"1742\"><strong data-start=\"1859\" data-end=\"1880\">Socios De La Plataforma<\/strong>: Si usted reserva a trav\u00e9s de un sitio de terceros (por ejemplo, Airbnb, Vrbo), sus datos tambi\u00e9n est\u00e1 sujeto a sus pol\u00edticas de privacidad<\/li><\/ul><hr data-start=\"1991\" data-end=\"1994\" \/><h3 data-start=\"1996\" data-end=\"2020\">4. Cookies Y Seguimiento De<\/h3><p data-start=\"2022\" data-end=\"2073\">Este sitio usa cookies y tecnolog\u00edas similares para:<\/p><ul><li data-start=\"2077\" data-end=\"2105\">Reconocer los visitantes que regresan<\/li><li data-start=\"2077\" data-end=\"2105\">Recordar tus preferencias<\/li><li data-start=\"2077\" data-end=\"2105\">Medir el tr\u00e1fico y los patrones de uso a trav\u00e9s de herramientas de an\u00e1lisis<\/li><\/ul><p data-start=\"2196\" data-end=\"2256\">Usted puede administrar sus preferencias de cookies mediante la configuraci\u00f3n de su navegador.<\/p><hr data-start=\"2258\" data-end=\"2261\" \/><h3 data-start=\"2263\" data-end=\"2282\">5. La Seguridad De Los Datos<\/h3><p data-start=\"2284\" data-end=\"2471\">Implementamos medidas de seguridad razonables para proteger sus datos contra el acceso no autorizado, del uso o de la divulgaci\u00f3n. Esto incluye el procesamiento de pagos seguros y limitar el acceso a la informaci\u00f3n sensible.<\/p><p data-start=\"2473\" data-end=\"2583\">Sin embargo, ninguna transmisi\u00f3n por internet, o m\u00e9todo de almacenamiento es 100% seguro, y no podemos garantizar su absoluta seguridad.<\/p><hr data-start=\"2585\" data-end=\"2588\" \/><h3 data-start=\"2590\" data-end=\"2607\">6. Sus Derechos<\/h3><p data-start=\"2609\" data-end=\"2631\">Usted tiene el derecho a:<\/p><ul><li data-start=\"2635\" data-end=\"2678\">Solicitar acceso a su informaci\u00f3n personal<\/li><li data-start=\"2635\" data-end=\"2678\">Solicitar correcciones a la inexactitud de los datos<\/li><li data-start=\"2635\" data-end=\"2678\">Retirar el consentimiento para comunicaciones de marketing<\/li><li data-start=\"2635\" data-end=\"2678\">Solicitar la supresi\u00f3n de sus datos, siempre que est\u00e9 legalmente permitido<\/li><\/ul><p data-start=\"2825\" data-end=\"2892\">Para ejercitar estos derechos, por favor, utilice el formulario de contacto en este sitio.<\/p><hr data-start=\"2894\" data-end=\"2897\" \/><h3 data-start=\"2899\" data-end=\"2922\">7. Enlaces De Terceros<\/h3><p data-start=\"2924\" data-end=\"3112\">Este sitio puede contener enlaces a sitios web de terceros. No somos responsables por las pr\u00e1cticas de privacidad o del contenido de esos sitios. Le recomendamos revisar las pol\u00edticas de privacidad de forma individual.<\/p><hr data-start=\"3114\" data-end=\"3117\" \/><h3 data-start=\"3119\" data-end=\"3143\">8. La Privacidad de los ni\u00f1os<\/h3><p data-start=\"3145\" data-end=\"3377\">Este sitio no est\u00e1 destinado para las personas menores de 18 a\u00f1os. Nosotros no recopilamos datos personales de menores de edad. Si descubrimos que hemos recopilado datos de un menor sin el consentimiento adecuado, vamos a tomar medidas para eliminarlo.<\/p><hr data-start=\"3379\" data-end=\"3382\" \/><h3 data-start=\"3384\" data-end=\"3412\">9. Cambios a Esta Pol\u00edtica<\/h3><p data-start=\"3414\" data-end=\"3602\">Podemos actualizar esta Pol\u00edtica de Privacidad de tiempo en tiempo. Los cambios se publicar\u00e1n en esta p\u00e1gina con una fecha de revisi\u00f3n actualizada. El uso continuado del sitio indica la aceptaci\u00f3n de cualquier modificaci\u00f3n.<\/p><hr data-start=\"3604\" data-end=\"3607\" \/><h3 data-start=\"3609\" data-end=\"3637\">10. Preguntas o Inquietudes<\/h3><p data-start=\"3639\" data-end=\"3741\">Si usted tiene alguna pregunta acerca de esta Pol\u00edtica de Privacidad, p\u00f3ngase en contacto con nosotros.<\/p>\t\t\t\t\t\t\t\t<\/div>\n\t\t\t\t<\/div>\n\t\t\t\t<\/div>\n\t\t\t\t\t<\/div>\n\t\t\t\t<\/div>\n\t\t\t\t<\/div>","protected":false},"excerpt":{"rendered":"<p>Your privacy is important to us. This Privacy Policy explains how we collect, use, disclose, and protect your personal information when you visit this website or use our services, including booking a vacation rental, submitting an inquiry, or contacting us. By using this site, you agree to the practices described below. 1. Information We Collect [&hellip;]<\/p>","protected":false},"author":2,"featured_media":0,"parent":0,"menu_order":0,"comment_status":"closed","ping_status":"open","template":"","meta":{"_acf_changed":false,"footnotes":""},"class_list":["post-3","page","type-page","status-publish","hentry"],"acf":[],"_links":{"self":[{"href":"https:\/\/bravaexperience.es\/es\/wp-json\/wp\/v2\/pages\/3","targetHints":{"allow":["GET"]}}],"collection":[{"href":"https:\/\/bravaexperience.es\/es\/wp-json\/wp\/v2\/pages"}],"about":[{"href":"https:\/\/bravaexperience.es\/es\/wp-json\/wp\/v2\/types\/page"}],"author":[{"embeddable":true,"href":"https:\/\/bravaexperience.es\/es\/wp-json\/wp\/v2\/users\/2"}],"replies":[{"embeddable":true,"href":"https:\/\/bravaexperience.es\/es\/wp-json\/wp\/v2\/comments?post=3"}],"version-history":[{"count":0,"href":"https:\/\/bravaexperience.es\/es\/wp-json\/wp\/v2\/pages\/3\/revisions"}],"wp:attachment":[{"href":"https:\/\/bravaexperience.es\/es\/wp-json\/wp\/v2\/media?parent=3"}],"curies":[{"name":"wp","href":"https:\/\/api.w.org\/{rel}","templated":true}]}}