{"id":193900,"date":"2023-05-26T09:36:56","date_gmt":"2023-05-26T09:36:56","guid":{"rendered":"https:\/\/bravaexperience.es\/?page_id=193900"},"modified":"2025-10-29T12:42:05","modified_gmt":"2025-10-29T12:42:05","slug":"blog","status":"publish","type":"page","link":"https:\/\/bravaexperience.es\/fr\/blog\/","title":{"rendered":"Blog"},"content":{"rendered":"<div data-elementor-type=\"wp-page\" data-elementor-id=\"193900\" class=\"elementor elementor-193900\" data-elementor-post-type=\"page\">\n\t\t\t\t<div class=\"elementor-element elementor-element-da5587c e-flex e-con-boxed e-con e-parent\" data-id=\"da5587c\" data-element_type=\"container\" data-e-type=\"container\" data-settings=\"{&quot;jet_parallax_layout_list&quot;:[],&quot;background_background&quot;:&quot;classic&quot;}\">\n\t\t\t\t\t<div class=\"e-con-inner\">\n\t\t<div class=\"elementor-element elementor-element-d3c1e85 e-con-full e-flex e-con e-child\" data-id=\"d3c1e85\" data-element_type=\"container\" data-e-type=\"container\" data-settings=\"{&quot;jet_parallax_layout_list&quot;:[]}\">\n\t\t\t\t<div class=\"elementor-element elementor-element-4dce9e8 elementor-widget elementor-widget-heading\" data-id=\"4dce9e8\" data-element_type=\"widget\" data-e-type=\"widget\" data-widget_type=\"heading.default\">\n\t\t\t\t<div class=\"elementor-widget-container\">\n\t\t\t\t\t<h1 class=\"elementor-heading-title elementor-size-default\">Blog<\/h1>\t\t\t\t<\/div>\n\t\t\t\t<\/div>\n\t\t\t\t<\/div>\n\t\t\t\t\t<\/div>\n\t\t\t\t<\/div>\n\t\t<div class=\"elementor-element elementor-element-ec7a2af e-flex e-con-boxed e-con e-parent\" data-id=\"ec7a2af\" data-element_type=\"container\" data-e-type=\"container\" data-settings=\"{&quot;background_background&quot;:&quot;classic&quot;,&quot;jet_parallax_layout_list&quot;:[]}\">\n\t\t\t\t\t<div class=\"e-con-inner\">\n\t\t<div class=\"elementor-element elementor-element-502d8fe e-con-full animated-fast e-flex elementor-invisible e-con e-child\" data-id=\"502d8fe\" data-element_type=\"container\" data-e-type=\"container\" data-settings=\"{&quot;animation&quot;:&quot;fadeIn&quot;,&quot;animation_delay&quot;:750,&quot;jet_parallax_layout_list&quot;:[]}\">\n\t\t\t\t<div class=\"elementor-element elementor-element-a44d07d elementor-widget elementor-widget-heading\" data-id=\"a44d07d\" data-element_type=\"widget\" data-e-type=\"widget\" data-widget_type=\"heading.default\">\n\t\t\t\t<div class=\"elementor-widget-container\">\n\t\t\t\t\t<h2 class=\"elementor-heading-title elementor-size-default\">Voyage de l'inspiration et des histoires locales de la Costa Brava<\/h2>\t\t\t\t<\/div>\n\t\t\t\t<\/div>\n\t\t\t\t<div class=\"elementor-element elementor-element-1969008 elementor-widget elementor-widget-text-editor\" data-id=\"1969008\" data-element_type=\"widget\" data-e-type=\"widget\" data-widget_type=\"text-editor.default\">\n\t\t\t\t<div class=\"elementor-widget-container\">\n\t\t\t\t\t\t\t\t\t<p>Bienvenue sur le Brava Experience Blog \u2014 votre source incontournable d\u2019inspiration pour voyager sur la Costa Brava, avec des conseils pratiques et des guides locaux pour profiter pleinement de votre s\u00e9jour. Que vous r\u00eaviez d\u2019une escapade romantique en bord de mer, que vous planifiiez des vacances en famille dans une villa, ou que vous recherchiez les meilleurs tr\u00e9sors cach\u00e9s de la c\u00f4te m\u00e9diterran\u00e9enne, nous sommes l\u00e0 pour vous aider \u00e0 voyager plus intelligemment, vous d\u00e9tendre davantage et cr\u00e9er des souvenirs inoubliables.<\/p>\t\t\t\t\t\t\t\t<\/div>\n\t\t\t\t<\/div>\n\t\t\t\t<\/div>\n\t\t\t\t\t<\/div>\n\t\t\t\t<\/div>\n\t\t<div class=\"elementor-element elementor-element-13b5e89 e-flex e-con-boxed e-con e-parent\" data-id=\"13b5e89\" data-element_type=\"container\" data-e-type=\"container\" data-settings=\"{&quot;background_background&quot;:&quot;classic&quot;,&quot;jet_parallax_layout_list&quot;:[]}\">\n\t\t\t\t\t<div class=\"e-con-inner\">\n\t\t\t\t<div class=\"elementor-element elementor-element-69a1ab1 elementor-grid-3 elementor-grid-tablet-2 elementor-grid-mobile-1 elementor-widget elementor-widget-loop-grid\" data-id=\"69a1ab1\" data-element_type=\"widget\" data-e-type=\"widget\" data-settings=\"{&quot;pagination_type&quot;:&quot;numbers&quot;,&quot;template_id&quot;:&quot;198195&quot;,&quot;_skin&quot;:&quot;post&quot;,&quot;columns&quot;:&quot;3&quot;,&quot;columns_tablet&quot;:&quot;2&quot;,&quot;columns_mobile&quot;:&quot;1&quot;,&quot;edit_handle_selector&quot;:&quot;[data-elementor-type=\\&quot;loop-item\\&quot;]&quot;,&quot;pagination_load_type&quot;:&quot;page_reload&quot;,&quot;row_gap&quot;:{&quot;unit&quot;:&quot;px&quot;,&quot;size&quot;:&quot;&quot;,&quot;sizes&quot;:[]},&quot;row_gap_tablet&quot;:{&quot;unit&quot;:&quot;px&quot;,&quot;size&quot;:&quot;&quot;,&quot;sizes&quot;:[]},&quot;row_gap_mobile&quot;:{&quot;unit&quot;:&quot;px&quot;,&quot;size&quot;:&quot;&quot;,&quot;sizes&quot;:[]}}\" data-widget_type=\"loop-grid.post\">\n\t\t\t\t<div class=\"elementor-widget-container\">\n\t\t\t\t\t\t\t<div class=\"e-loop-nothing-found-message\">\n\t\t<\/div>\n\t\t\t\t\t\t<\/div>\n\t\t\t\t<\/div>\n\t\t\t\t\t<\/div>\n\t\t\t\t<\/div>\n\t\t\t\t<\/div>","protected":false},"excerpt":{"rendered":"<p>Blog\u00a0: Inspiration voyage et r\u00e9cits locaux de la Costa Brava Bienvenue sur le blog Brava Experience\u00a0! Votre source incontournable d\u2019inspiration pour vos voyages sur la Costa Brava, avec des conseils d\u2019initi\u00e9s et des guides locaux pour vous aider \u00e0 profiter pleinement de votre escapade. Que vous r\u00eaviez d\u2019une escapade romantique en bord de mer, que vous planifiiez des vacances en famille dans une villa ou que vous recherchiez [\u2026]<\/p>","protected":false},"author":2,"featured_media":0,"parent":0,"menu_order":0,"comment_status":"closed","ping_status":"closed","template":"","meta":{"_acf_changed":false,"footnotes":""},"class_list":["post-193900","page","type-page","status-publish","hentry"],"acf":[],"_links":{"self":[{"href":"https:\/\/bravaexperience.es\/fr\/wp-json\/wp\/v2\/pages\/193900","targetHints":{"allow":["GET"]}}],"collection":[{"href":"https:\/\/bravaexperience.es\/fr\/wp-json\/wp\/v2\/pages"}],"about":[{"href":"https:\/\/bravaexperience.es\/fr\/wp-json\/wp\/v2\/types\/page"}],"author":[{"embeddable":true,"href":"https:\/\/bravaexperience.es\/fr\/wp-json\/wp\/v2\/users\/2"}],"replies":[{"embeddable":true,"href":"https:\/\/bravaexperience.es\/fr\/wp-json\/wp\/v2\/comments?post=193900"}],"version-history":[{"count":0,"href":"https:\/\/bravaexperience.es\/fr\/wp-json\/wp\/v2\/pages\/193900\/revisions"}],"wp:attachment":[{"href":"https:\/\/bravaexperience.es\/fr\/wp-json\/wp\/v2\/media?parent=193900"}],"curies":[{"name":"wp","href":"https:\/\/api.w.org\/{rel}","templated":true}]}}