{"id":196974,"date":"2024-11-20T11:06:56","date_gmt":"2024-11-20T11:06:56","guid":{"rendered":"https:\/\/bravaexperience.es\/?page_id=196974"},"modified":"2025-10-28T17:11:14","modified_gmt":"2025-10-28T17:11:14","slug":"terms-and-conditions","status":"publish","type":"page","link":"https:\/\/bravaexperience.es\/fr\/terms-and-conditions\/","title":{"rendered":"Termes et Conditions"},"content":{"rendered":"<div data-elementor-type=\"wp-page\" data-elementor-id=\"196974\" class=\"elementor elementor-196974\" data-elementor-post-type=\"page\">\n\t\t\t\t<div class=\"elementor-element elementor-element-fcca0c6 e-flex e-con-boxed e-con e-parent\" data-id=\"fcca0c6\" data-element_type=\"container\" data-e-type=\"container\" data-settings=\"{&quot;jet_parallax_layout_list&quot;:[],&quot;background_background&quot;:&quot;classic&quot;}\">\n\t\t\t\t\t<div class=\"e-con-inner\">\n\t\t<div class=\"elementor-element elementor-element-37c4800 e-con-full e-flex e-con e-child\" data-id=\"37c4800\" data-element_type=\"container\" data-e-type=\"container\" data-settings=\"{&quot;jet_parallax_layout_list&quot;:[]}\">\n\t\t\t\t<div class=\"elementor-element elementor-element-f1886a7 elementor-widget elementor-widget-heading\" data-id=\"f1886a7\" data-element_type=\"widget\" data-e-type=\"widget\" data-widget_type=\"heading.default\">\n\t\t\t\t<div class=\"elementor-widget-container\">\n\t\t\t\t\t<h1 class=\"elementor-heading-title elementor-size-default\">Termes et Conditions<\/h1>\t\t\t\t<\/div>\n\t\t\t\t<\/div>\n\t\t\t\t<\/div>\n\t\t\t\t\t<\/div>\n\t\t\t\t<\/div>\n\t\t\t\t<section class=\"elementor-section elementor-top-section elementor-element elementor-element-6e5edd4 elementor-section-boxed elementor-section-height-default elementor-section-height-default\" data-id=\"6e5edd4\" data-element_type=\"section\" data-e-type=\"section\" data-settings=\"{&quot;jet_parallax_layout_list&quot;:[],&quot;background_background&quot;:&quot;classic&quot;}\">\n\t\t\t\t\t\t<div class=\"elementor-container elementor-column-gap-default\">\n\t\t\t\t\t<div class=\"elementor-column elementor-col-100 elementor-top-column elementor-element elementor-element-f2b9411\" data-id=\"f2b9411\" data-element_type=\"column\" data-e-type=\"column\">\n\t\t\t<div class=\"elementor-widget-wrap elementor-element-populated\">\n\t\t\t\t\t\t<div class=\"elementor-element elementor-element-91ced21 elementor-widget elementor-widget-text-editor\" data-id=\"91ced21\" data-element_type=\"widget\" data-e-type=\"widget\" data-widget_type=\"text-editor.default\">\n\t\t\t\t<div class=\"elementor-widget-container\">\n\t\t\t\t\t\t\t\t\t<p data-start=\"314\" data-end=\"573\">Bienvenue. En acc\u00e9dant \u00e0 ce site web, de soumettre une demande, ou de la r\u00e9servation d'une propri\u00e9t\u00e9, vous acceptez d'\u00eatre li\u00e9 par les termes et conditions d\u00e9crits ci-dessous. Cet accord constitue un accord juridique entre vous (l'utilisateur ou visiteur) et de l'exploitant de ce site.<\/p><p data-start=\"575\" data-end=\"666\">Merci de lire les conditions de location de vacances et conditions attentivement avant de proc\u00e9der.<\/p><hr data-start=\"668\" data-end=\"671\" \/><h2 data-start=\"673\" data-end=\"691\">1. Introduction<\/h2><p data-start=\"693\" data-end=\"1086\">Ces Termes et Conditions r\u00e9gissent votre utilisation de ce site web et votre r\u00e9servation de court terme, location de vacances les propri\u00e9t\u00e9s \u00e9num\u00e9r\u00e9es ci-apr\u00e8s. En utilisant ce site web ou de remplir une r\u00e9servation, vous reconnaissez que vous avez lu, compris et accept\u00e9 d'\u00eatre l\u00e9galement li\u00e9 par ces conditions. Si vous n'\u00eates pas d'accord avec une partie quelconque de ces conditions, vous ne devez pas proc\u00e9der \u00e0 l'utilisation du site ou de la r\u00e9servation d'un s\u00e9jour.<\/p><hr data-start=\"1088\" data-end=\"1091\" \/><h2 data-start=\"1093\" data-end=\"1112\">2. Conditions De R\u00e9servation<\/h2><p data-start=\"1114\" data-end=\"1288\">Propri\u00e9t\u00e9s r\u00e9pertori\u00e9es sur ce site peuvent \u00eatre r\u00e9serv\u00e9es directement \u00e0 travers le site web ou via des plateformes tierces. Le processus de r\u00e9servation varient selon la plateforme utilis\u00e9e.<\/p><ul><li data-start=\"1292\" data-end=\"1354\"><strong data-start=\"1292\" data-end=\"1307\">L'\u00c2ge Minimum<\/strong>: Les clients doivent avoir au moins 21 ans pour r\u00e9server.<\/li><li data-start=\"1292\" data-end=\"1354\"><strong data-start=\"1357\" data-end=\"1375\">Identification<\/strong>: Valide \u00e9mise par le gouvernement d'identification peuvent \u00eatre n\u00e9cessaires avant ou au moment de l'enregistrement.<\/li><li data-start=\"1292\" data-end=\"1354\"><strong data-start=\"1457\" data-end=\"1469\">Les paiements<\/strong>Un acompte ou la totalit\u00e9 du paiement est g\u00e9n\u00e9ralement exig\u00e9 au moment de la r\u00e9servation. Modalit\u00e9s de paiement sp\u00e9cifiques seront indiqu\u00e9s avant la confirmation.<\/li><li data-start=\"1292\" data-end=\"1354\"><strong data-start=\"1608\" data-end=\"1623\">R\u00e8gles De La Maison<\/strong>: L'acceptation de la propri\u00e9t\u00e9 de la maison de r\u00e8gles n'est pas n\u00e9cessaire. Ceux-ci peuvent inclure des politiques sur le bruit, invit\u00e9 limites, check-in\/out, et l'utilisation des \u00e9quipements.<\/li><\/ul><p data-start=\"1773\" data-end=\"1852\">D\u00e9faut de se conformer avec les conditions de r\u00e9servation peut entra\u00eener l'annulation, sans remboursement.<\/p><hr data-start=\"1854\" data-end=\"1857\" \/><h2 data-start=\"1859\" data-end=\"1888\">3. Annulations Et Remboursements<\/h2><p data-start=\"1890\" data-end=\"2001\">La politique d'annulation et remboursement sera clairement indiqu\u00e9 lors de la r\u00e9servation. Typique politiques comprennent:<\/p><ul><li data-start=\"2005\" data-end=\"2078\"><strong data-start=\"2005\" data-end=\"2020\">Remboursement Complet<\/strong>: Pour une annulation faite plus de 30 jours avant la date d'arriv\u00e9e.<\/li><li data-start=\"2005\" data-end=\"2078\"><strong data-start=\"2081\" data-end=\"2099\">Remboursement Partiel<\/strong>: En cas d'annulation de 14 \u00e0 30 jours avant la date d'arriv\u00e9e.<\/li><li data-start=\"2005\" data-end=\"2078\"><strong data-start=\"2153\" data-end=\"2166\">Aucun Remboursement<\/strong>: Pour les annulations faites dans les 14 jours de l'arriv\u00e9e.<\/li><\/ul><p data-start=\"2219\" data-end=\"2398\">Si la r\u00e9servation est faite par l'interm\u00e9diaire d'un tiers plate-forme (comme Airbnb, le site vrbo.com, etc.), leurs respectifs d'annulation et de remboursement s'appliquent et peuvent diff\u00e9rer de ceux \u00e9num\u00e9r\u00e9s ci-dessus.<\/p><hr data-start=\"2400\" data-end=\"2403\" \/><h2 data-start=\"2405\" data-end=\"2433\">4. Invit\u00e9 Responsabilit\u00e9s<\/h2><p data-start=\"2435\" data-end=\"2535\">Les clients acceptent de traiter la propri\u00e9t\u00e9 et de la zone environnante avec soin et respect tout au long de leur s\u00e9jour.<\/p><ul><li data-start=\"2539\" data-end=\"2626\"><strong data-start=\"2539\" data-end=\"2567\">Respect des R\u00e8gles de la Maison<\/strong>: Les clients doivent se conformer \u00e0 toutes les post\u00e9 ou de les communiquer \u00e0 des r\u00e8gles.<\/li><li data-start=\"2539\" data-end=\"2626\"><strong data-start=\"2629\" data-end=\"2649\">D'Occupation Des Limites<\/strong>: Seul le nombre de clients sp\u00e9cifi\u00e9 dans la r\u00e9servation peut rester pour la nuit.<\/li><li data-start=\"2539\" data-end=\"2626\"><strong data-start=\"2728\" data-end=\"2748\">Parties Et \u00c9v\u00e9nements<\/strong>: Non autoris\u00e9 \u00e0 des rassemblements, des f\u00eates ou des \u00e9v\u00e9nements sont strictement interdites.<\/li><li data-start=\"2539\" data-end=\"2626\"><strong data-start=\"2821\" data-end=\"2832\">Dommage<\/strong>: Vous \u00eates financi\u00e8rement responsable de tout dommage, nettoyage excessif, ou les objets perdus caus\u00e9s au cours de leur s\u00e9jour.<\/li><li data-start=\"2539\" data-end=\"2626\"><strong data-start=\"2948\" data-end=\"2966\">Animaux Et Fumeurs<\/strong>: Sauf si explicitement autoris\u00e9, les animaux et les fumeurs ne sont pas autoris\u00e9s sur les lieux.<\/li><\/ul><p data-start=\"3048\" data-end=\"3151\">Violation de l'invit\u00e9 responsabilit\u00e9s peut entra\u00eener l'expulsion et\/ou les frais pour les dommages ou le nettoyage suppl\u00e9mentaire.<\/p><hr data-start=\"3153\" data-end=\"3156\" \/><h2 data-start=\"3158\" data-end=\"3178\">5. L'utilisation du Site web<\/h2><p data-start=\"3180\" data-end=\"3271\">Les utilisateurs acceptent de ne pas s'engager dans non autoris\u00e9 ou illicite de l'activit\u00e9 lors de l'utilisation de ce site web.<\/p><p data-start=\"3273\" data-end=\"3325\">Interdit des comportements incluent, mais ne sont pas limit\u00e9s \u00e0:<\/p><ul><li data-start=\"3329\" data-end=\"3377\">La tentative de violation ou de compromettre la s\u00e9curit\u00e9 du site<\/li><li data-start=\"3329\" data-end=\"3377\">La transmission de spam ou de messages non sollicit\u00e9s<\/li><li data-start=\"3329\" data-end=\"3377\">Grattage, la duplication ou l'utilisation abusive du contenu ou des donn\u00e9es du site<\/li><\/ul><p data-start=\"3490\" data-end=\"3654\">Tout le contenu sur ce site est la propri\u00e9t\u00e9 intellectuelle de la propri\u00e9taire du site, sauf indication contraire. La Reproduction ou redistribution est interdite sans autorisation.<\/p><hr data-start=\"3656\" data-end=\"3659\" \/><h2 data-start=\"3661\" data-end=\"3687\">6. Exclusion De Responsabilit\u00e9<\/h2><p data-start=\"3689\" data-end=\"3756\">L'exploitant de ce site et de ses partenaires ne sont pas responsables:<\/p><ul><li data-start=\"3760\" data-end=\"3839\"><strong data-start=\"3760\" data-end=\"3778\">Questions Relatives Au Site Web<\/strong>: Indisponibilit\u00e9 temporaire, des inexactitudes ou des erreurs techniques<\/li><li data-start=\"3760\" data-end=\"3839\"><strong data-start=\"3842\" data-end=\"3861\">Invit\u00e9 Incidents<\/strong>: Les blessures, les accidents, pertes ou vols survenant au cours d'un s\u00e9jour<\/li><li data-start=\"3760\" data-end=\"3839\"><strong data-start=\"3928\" data-end=\"3945\">Cas De Force Majeure<\/strong>: Des retards ou des annulations en raison de catastrophes naturelles, intemp\u00e9ries, gr\u00e8ves, actions gouvernementales, ou d'autres \u00e9v\u00e9nements incontr\u00f4lables<\/li><\/ul><p data-start=\"4067\" data-end=\"4157\">Les clients sont pri\u00e9s d'obtenir l'assurance voyage et m\u00e9dicale avant leur s\u00e9jour.<\/p><hr data-start=\"4159\" data-end=\"4162\" \/><h2 data-start=\"4164\" data-end=\"4187\">7. La Vie Priv\u00e9e De R\u00e9f\u00e9rence<\/h2><p data-start=\"4189\" data-end=\"4414\">L'utilisation de ce site est soumise aux pratiques de confidentialit\u00e9 d\u00e9crites dans l'accompagnement Politique de Confidentialit\u00e9. Les utilisateurs sont encourag\u00e9s \u00e0 examiner la politique de comprendre la fa\u00e7on dont leurs renseignements personnels sont recueillis, utilis\u00e9s et prot\u00e9g\u00e9s.<\/p><hr data-start=\"4416\" data-end=\"4419\" \/><h2 data-start=\"4421\" data-end=\"4443\">8. Modifications des Conditions<\/h2><p data-start=\"4445\" data-end=\"4695\">Ces termes et conditions peuvent \u00eatre mis \u00e0 jour p\u00e9riodiquement. Il est de la responsabilit\u00e9 de l'utilisateur ou invit\u00e9 \u00e0 consulter cette page pour les mises \u00e0 jour avant de faire la r\u00e9servation. Continuez \u00e0 utiliser le site apr\u00e8s que des modifications sont publi\u00e9es constitue l'acceptation des conditions r\u00e9vis\u00e9es.<\/p><hr data-start=\"4697\" data-end=\"4700\" \/><h2 data-start=\"4702\" data-end=\"4715\">9. Contact<\/h2><p data-start=\"4717\" data-end=\"4865\">Pour toutes questions concernant ces Termes et Conditions, les utilisateurs doivent utiliser le formulaire de contact ou canal de communication fournis sur le site.<\/p>\t\t\t\t\t\t\t\t<\/div>\n\t\t\t\t<\/div>\n\t\t\t\t\t<\/div>\n\t\t<\/div>\n\t\t\t\t\t<\/div>\n\t\t<\/section>\n\t\t\t\t<\/div>","protected":false},"excerpt":{"rendered":"<p>Welcome. By accessing this website, submitting an inquiry, or booking a property, you agree to be bound by the terms and conditions outlined below. This agreement constitutes a legal understanding between you (the user or guest) and the operator of this site. Please read the following vacation rental terms and conditions carefully before proceeding. 1. [&hellip;]<\/p>","protected":false},"author":2,"featured_media":0,"parent":0,"menu_order":0,"comment_status":"closed","ping_status":"closed","template":"","meta":{"_acf_changed":false,"footnotes":""},"class_list":["post-196974","page","type-page","status-publish","hentry"],"acf":[],"_links":{"self":[{"href":"https:\/\/bravaexperience.es\/fr\/wp-json\/wp\/v2\/pages\/196974","targetHints":{"allow":["GET"]}}],"collection":[{"href":"https:\/\/bravaexperience.es\/fr\/wp-json\/wp\/v2\/pages"}],"about":[{"href":"https:\/\/bravaexperience.es\/fr\/wp-json\/wp\/v2\/types\/page"}],"author":[{"embeddable":true,"href":"https:\/\/bravaexperience.es\/fr\/wp-json\/wp\/v2\/users\/2"}],"replies":[{"embeddable":true,"href":"https:\/\/bravaexperience.es\/fr\/wp-json\/wp\/v2\/comments?post=196974"}],"version-history":[{"count":0,"href":"https:\/\/bravaexperience.es\/fr\/wp-json\/wp\/v2\/pages\/196974\/revisions"}],"wp:attachment":[{"href":"https:\/\/bravaexperience.es\/fr\/wp-json\/wp\/v2\/media?parent=196974"}],"curies":[{"name":"wp","href":"https:\/\/api.w.org\/{rel}","templated":true}]}}