{"id":3,"date":"2023-05-18T06:13:47","date_gmt":"2023-05-18T06:13:47","guid":{"rendered":"https:\/\/bravaexperience.es\/?page_id=3"},"modified":"2025-10-28T17:10:01","modified_gmt":"2025-10-28T17:10:01","slug":"privacy-policy","status":"publish","type":"page","link":"https:\/\/bravaexperience.es\/fr\/privacy-policy\/","title":{"rendered":"Politique De Confidentialit\u00e9"},"content":{"rendered":"<div data-elementor-type=\"wp-page\" data-elementor-id=\"3\" class=\"elementor elementor-3\" data-elementor-post-type=\"page\">\n\t\t\t\t<div class=\"elementor-element elementor-element-61fe3cf e-flex e-con-boxed e-con e-parent\" data-id=\"61fe3cf\" data-element_type=\"container\" data-e-type=\"container\" data-settings=\"{&quot;jet_parallax_layout_list&quot;:[],&quot;background_background&quot;:&quot;classic&quot;}\">\n\t\t\t\t\t<div class=\"e-con-inner\">\n\t\t<div class=\"elementor-element elementor-element-c151b1d e-con-full e-flex e-con e-child\" data-id=\"c151b1d\" data-element_type=\"container\" data-e-type=\"container\" data-settings=\"{&quot;jet_parallax_layout_list&quot;:[]}\">\n\t\t\t\t<div class=\"elementor-element elementor-element-709a51a elementor-widget elementor-widget-heading\" data-id=\"709a51a\" data-element_type=\"widget\" data-e-type=\"widget\" data-widget_type=\"heading.default\">\n\t\t\t\t<div class=\"elementor-widget-container\">\n\t\t\t\t\t<h1 class=\"elementor-heading-title elementor-size-default\">Politique De Confidentialit\u00e9<\/h1>\t\t\t\t<\/div>\n\t\t\t\t<\/div>\n\t\t\t\t<\/div>\n\t\t\t\t\t<\/div>\n\t\t\t\t<\/div>\n\t\t<div class=\"elementor-element elementor-element-b058e1b e-flex e-con-boxed e-con e-parent\" data-id=\"b058e1b\" data-element_type=\"container\" data-e-type=\"container\" data-settings=\"{&quot;jet_parallax_layout_list&quot;:[],&quot;background_background&quot;:&quot;classic&quot;}\">\n\t\t\t\t\t<div class=\"e-con-inner\">\n\t\t<div class=\"elementor-element elementor-element-88e0197 e-con-full e-flex e-con e-child\" data-id=\"88e0197\" data-element_type=\"container\" data-e-type=\"container\" data-settings=\"{&quot;jet_parallax_layout_list&quot;:[]}\">\n\t\t\t\t<div class=\"elementor-element elementor-element-97ff2d5 elementor-widget elementor-widget-text-editor\" data-id=\"97ff2d5\" data-element_type=\"widget\" data-e-type=\"widget\" data-widget_type=\"text-editor.default\">\n\t\t\t\t<div class=\"elementor-widget-container\">\n\t\t\t\t\t\t\t\t\t<p data-start=\"324\" data-end=\"581\">Votre vie priv\u00e9e est importante pour nous. Cette Politique de Confidentialit\u00e9 explique comment nous recueillons, utilisons, divulguons et prot\u00e9geons vos renseignements personnels lorsque vous visitez ce site web ou de l'utilisation de nos services, y compris la r\u00e9servation d'une location de vacances, de soumettre \u00e0 une enqu\u00eate, ou en communiquant avec nous.<\/p><p data-start=\"583\" data-end=\"646\">En utilisant ce site, vous acceptez les pratiques d\u00e9crites ci-dessous.<\/p><hr data-start=\"648\" data-end=\"651\" \/><h3 data-start=\"653\" data-end=\"681\">1. Les Informations Que Nous Recueillons<\/h3><p data-start=\"683\" data-end=\"742\">Nous pouvons collecter les types suivants de renseignements personnels:<\/p><ul><li data-start=\"746\" data-end=\"804\"><strong data-start=\"746\" data-end=\"769\">Les Informations De Contact<\/strong>: Nom, adresse \u00e9lectronique, num\u00e9ro de t\u00e9l\u00e9phone<\/li><li data-start=\"746\" data-end=\"804\"><strong data-start=\"807\" data-end=\"826\">Les D\u00e9tails De La R\u00e9servation<\/strong>: Dates de s\u00e9jour, nombre de personnes, les biens s\u00e9lectionn\u00e9s<\/li><li data-start=\"746\" data-end=\"804\"><strong data-start=\"881\" data-end=\"904\">Les Informations De Paiement<\/strong>: Recueillies de mani\u00e8re s\u00e9curis\u00e9e via des processeurs de paiement<\/li><li data-start=\"746\" data-end=\"804\"><strong data-start=\"962\" data-end=\"983\">Info De Compte Utilisateur<\/strong> (si applicable): les informations de Connexion et l'enregistrement des pr\u00e9f\u00e9rences<\/li><li data-start=\"746\" data-end=\"804\"><strong data-start=\"1039\" data-end=\"1057\">Donn\u00e9es Techniques<\/strong>: Adresse IP, type de navigateur, les pages visit\u00e9es et le temps pass\u00e9 sur le site (via des cookies ou des outils d'analyse)<\/li><\/ul><hr data-start=\"1161\" data-end=\"1164\" \/><h3 data-start=\"1166\" data-end=\"1199\">2. Comment Nous Utilisons Vos Informations<\/h3><p data-start=\"1201\" data-end=\"1237\">Nous utilisons les informations recueillies pour:<\/p><ul><li data-start=\"1241\" data-end=\"1290\">R\u00e9pondre aux demandes de renseignements et de fournir de l'assistance client<\/li><li data-start=\"1241\" data-end=\"1290\">Traiter et g\u00e9rer les r\u00e9serves ou les r\u00e9servations<\/li><li data-start=\"1241\" data-end=\"1290\">Communiquer les mises \u00e0 jour importantes ou des confirmations<\/li><li data-start=\"1241\" data-end=\"1290\">Am\u00e9liorer les performances du site web et l'exp\u00e9rience utilisateur<\/li><li data-start=\"1241\" data-end=\"1290\">Envoyer des e-mails promotionnels ou offres (uniquement si vous avez choisi)<\/li><\/ul><p data-start=\"1499\" data-end=\"1544\">Nous ne vendrons jamais vos informations personnelles.<\/p><hr data-start=\"1546\" data-end=\"1549\" \/><h3 data-start=\"1551\" data-end=\"1579\">3. Le partage de l'Information<\/h3><p data-start=\"1581\" data-end=\"1656\">Nous pouvons partager vos donn\u00e9es avec des tiers uniquement dans les situations suivantes:<\/p><ul><li data-start=\"1660\" data-end=\"1742\"><strong data-start=\"1660\" data-end=\"1681\">Les Fournisseurs De Services<\/strong>: Pour traiter les paiements, g\u00e9rer les r\u00e9servations, ou de l'h\u00f4te de donn\u00e9es en toute s\u00e9curit\u00e9<\/li><li data-start=\"1660\" data-end=\"1742\"><strong data-start=\"1745\" data-end=\"1767\">Exigences L\u00e9gales<\/strong>: Lorsqu'il est requis de se conformer aux lois applicables, les proc\u00e9dures judiciaires ou les demandes du gouvernement<\/li><li data-start=\"1660\" data-end=\"1742\"><strong data-start=\"1859\" data-end=\"1880\">Partenaires De La Plateforme<\/strong>: Si vous r\u00e9servez par l'interm\u00e9diaire d'un site tiers (par exemple, Airbnb, le site vrbo.com), vos donn\u00e9es sont \u00e9galement soumis \u00e0 leurs politiques de confidentialit\u00e9<\/li><\/ul><hr data-start=\"1991\" data-end=\"1994\" \/><h3 data-start=\"1996\" data-end=\"2020\">4. Les Cookies Et Le Suivi Des<\/h3><p data-start=\"2022\" data-end=\"2073\">Ce site utilise des cookies et des technologies similaires \u00e0:<\/p><ul><li data-start=\"2077\" data-end=\"2105\">Reconna\u00eetre les visiteurs qui reviennent<\/li><li data-start=\"2077\" data-end=\"2105\">Se rappeler de vos pr\u00e9f\u00e9rences<\/li><li data-start=\"2077\" data-end=\"2105\">Mesurer le trafic et les mod\u00e8les d'utilisation gr\u00e2ce \u00e0 des outils d'analyse<\/li><\/ul><p data-start=\"2196\" data-end=\"2256\">Vous pouvez g\u00e9rer vos pr\u00e9f\u00e9rences de cookies via les param\u00e8tres de votre navigateur.<\/p><hr data-start=\"2258\" data-end=\"2261\" \/><h3 data-start=\"2263\" data-end=\"2282\">5. La S\u00e9curit\u00e9 Des Donn\u00e9es<\/h3><p data-start=\"2284\" data-end=\"2471\">Nous mettons en \u0153uvre des mesures de s\u00e9curit\u00e9 raisonnables pour prot\u00e9ger vos donn\u00e9es contre tout acc\u00e8s non autoris\u00e9, l'utilisation ou la divulgation. Cela comprend le traitement s\u00e9curis\u00e9 des paiements et de la limitation de l'acc\u00e8s aux informations sensibles.<\/p><p data-start=\"2473\" data-end=\"2583\">Toutefois, aucune transmission par internet, ou m\u00e9thode de stockage est s\u00e9curis\u00e9 \u00e0 100% et nous ne pouvons pas garantir la s\u00e9curit\u00e9 absolue.<\/p><hr data-start=\"2585\" data-end=\"2588\" \/><h3 data-start=\"2590\" data-end=\"2607\">6. Vos Droits<\/h3><p data-start=\"2609\" data-end=\"2631\">Vous avez le droit de:<\/p><ul><li data-start=\"2635\" data-end=\"2678\">Demander l'acc\u00e8s \u00e0 vos renseignements personnels<\/li><li data-start=\"2635\" data-end=\"2678\">Demander des corrections de donn\u00e9es inexactes<\/li><li data-start=\"2635\" data-end=\"2678\">Retirer son consentement \u00e0 la communication marketing<\/li><li data-start=\"2635\" data-end=\"2678\">Demander la suppression de vos donn\u00e9es, lorsque la loi le permet<\/li><\/ul><p data-start=\"2825\" data-end=\"2892\">Pour exercer ces droits, veuillez utiliser le formulaire de contact sur ce site.<\/p><hr data-start=\"2894\" data-end=\"2897\" \/><h3 data-start=\"2899\" data-end=\"2922\">7. Liens Vers Des Tiers<\/h3><p data-start=\"2924\" data-end=\"3112\">Ce site peut contenir des liens vers des sites tiers. Nous ne sommes pas responsables des pratiques de confidentialit\u00e9 ou du contenu de ces sites. Nous vous recommandons de consulter leurs politiques de confidentialit\u00e9 individuellement.<\/p><hr data-start=\"3114\" data-end=\"3117\" \/><h3 data-start=\"3119\" data-end=\"3143\">8. La vie priv\u00e9e des enfants<\/h3><p data-start=\"3145\" data-end=\"3377\">Ce site n'est pas destin\u00e9 aux personnes de moins de 18 ans. Nous ne recueillons pas sciemment de donn\u00e9es personnelles aupr\u00e8s de mineurs. Si nous apprenons que nous avons recueilli des donn\u00e9es aupr\u00e8s d'un enfant sans le consentement appropri\u00e9, nous prendrons des mesures pour les supprimer.<\/p><hr data-start=\"3379\" data-end=\"3382\" \/><h3 data-start=\"3384\" data-end=\"3412\">9. Changements \u00e0 Cette Politique<\/h3><p data-start=\"3414\" data-end=\"3602\">Nous pouvons mettre \u00e0 jour cette Politique de Confidentialit\u00e9 de temps \u00e0 autre. Les changements seront affich\u00e9s sur cette page avec une mise \u00e0 jour date de r\u00e9vision. Poursuite de l'utilisation du site implique l'acceptation de toutes les modifications.<\/p><hr data-start=\"3604\" data-end=\"3607\" \/><h3 data-start=\"3609\" data-end=\"3637\">10. Des Questions ou des Pr\u00e9occupations<\/h3><p data-start=\"3639\" data-end=\"3741\">Si vous avez des questions concernant cette Politique de Confidentialit\u00e9, s'il vous pla\u00eet joindre \u00e0 nous.<\/p>\t\t\t\t\t\t\t\t<\/div>\n\t\t\t\t<\/div>\n\t\t\t\t<\/div>\n\t\t\t\t\t<\/div>\n\t\t\t\t<\/div>\n\t\t\t\t<\/div>","protected":false},"excerpt":{"rendered":"<p>Le respect de votre vie priv\u00e9e est important pour nous. La pr\u00e9sente Politique de confidentialit\u00e9 explique comment nous recueillons, utilisons, divulguons et prot\u00e9geons vos renseignements personnels lorsque vous visitez ce site Web ou utilisez nos services, notamment pour r\u00e9server une location de vacances, soumettre une demande de renseignements ou communiquer avec nous. En utilisant ce site, vous acceptez les pratiques d\u00e9crites ci-dessous. 1. Renseignements que nous recueillons [\u2026]<\/p>","protected":false},"author":2,"featured_media":0,"parent":0,"menu_order":0,"comment_status":"closed","ping_status":"open","template":"","meta":{"_acf_changed":false,"footnotes":""},"class_list":["post-3","page","type-page","status-publish","hentry"],"acf":[],"_links":{"self":[{"href":"https:\/\/bravaexperience.es\/fr\/wp-json\/wp\/v2\/pages\/3","targetHints":{"allow":["GET"]}}],"collection":[{"href":"https:\/\/bravaexperience.es\/fr\/wp-json\/wp\/v2\/pages"}],"about":[{"href":"https:\/\/bravaexperience.es\/fr\/wp-json\/wp\/v2\/types\/page"}],"author":[{"embeddable":true,"href":"https:\/\/bravaexperience.es\/fr\/wp-json\/wp\/v2\/users\/2"}],"replies":[{"embeddable":true,"href":"https:\/\/bravaexperience.es\/fr\/wp-json\/wp\/v2\/comments?post=3"}],"version-history":[{"count":0,"href":"https:\/\/bravaexperience.es\/fr\/wp-json\/wp\/v2\/pages\/3\/revisions"}],"wp:attachment":[{"href":"https:\/\/bravaexperience.es\/fr\/wp-json\/wp\/v2\/media?parent=3"}],"curies":[{"name":"wp","href":"https:\/\/api.w.org\/{rel}","templated":true}]}}